{"id":20361,"date":"2024-03-12T15:51:29","date_gmt":"2024-03-12T19:51:29","guid":{"rendered":"https:\/\/legerenergie.ca\/?page_id=20361"},"modified":"2025-04-30T07:20:41","modified_gmt":"2025-04-30T11:20:41","slug":"air-conditioning-salaberry-de-valleyfield","status":"publish","type":"page","link":"https:\/\/legerenergie.ca\/en\/air-conditioning-salaberry-de-valleyfield\/","title":{"rendered":"Air conditioning Salaberry-de-Valleyfield"},"content":{"rendered":"<section class=\"wpb-content-wrapper\"><p>[vc_row css_animation=&#8221;&#8221; row_type=&#8221;row&#8221; use_row_as_full_screen_section=&#8221;no&#8221; type=&#8221;grid&#8221; angled_section=&#8221;no&#8221; text_align=&#8221;center&#8221; background_image_as_pattern=&#8221;without_pattern&#8221; padding_top=&#8221;84&#8243; padding_bottom=&#8221;30&#8243;][vc_column][vc_column_text]<\/p>\n<h2>Air conditioning Salaberry-de-Valleyfield<\/h2>\n<p>[\/vc_column_text][vc_column_text]<\/p>\n<h3>Sales, installation and maintenance<\/h3>\n<p>[\/vc_column_text][vc_separator type=&#8221;small&#8221; position=&#8221;center&#8221;][vc_column_text]<\/p>\n<h4>To ensure the comfort of your home<\/h4>\n<p>[\/vc_column_text][vc_empty_space height=&#8221;40px&#8221;][vc_column_text]Climatisation Salaberry-de-Valleyfield : Avec plus de sept d\u00e9cennies d&#8217;expertise dans la distribution de syst\u00e8mes de <a href=\"https:\/\/legerenergie.ca\/en\/air-conditioning\/\">climatisation<\/a> et de <a href=\"https:\/\/legerenergie.ca\/en\/heating\/\">chauffage<\/a>, L\u00e9ger \u00c9nergie a b\u00e2ti une r\u00e9putation in\u00e9gal\u00e9e aupr\u00e8s de sa client\u00e8le r\u00e9sidentielle. Notre d\u00e9vouement \u00e0 offrir un service sur mesure et notre \u00e9quipe hautement comp\u00e9tente garantissent la pleine satisfaction de nos clients, toujours notre priorit\u00e9 absolue.[\/vc_column_text][vc_empty_space height=&#8221;40px&#8221;][\/vc_column][\/vc_row][vc_row css_animation=&#8221;&#8221; row_type=&#8221;row&#8221; use_row_as_full_screen_section=&#8221;no&#8221; type=&#8221;grid&#8221; angled_section=&#8221;no&#8221; text_align=&#8221;center&#8221; background_image_as_pattern=&#8221;without_pattern&#8221; padding_bottom=&#8221;56&#8243;][vc_column width=&#8221;1\/4&#8243;][vc_single_image image=&#8221;15716&#8243; img_size=&#8221;full&#8221; alignment=&#8221;center&#8221; qode_css_animation=&#8221;element_from_fade&#8221; transition_delay=&#8221;0.2&#8243;][vc_separator type=&#8221;transparent&#8221; up=&#8221;39&#8243; down=&#8221;0&#8243;][vc_column_text]<\/p>\n<h3>Air conditioning<\/h3>\n<p>[\/vc_column_text][vc_separator type=&#8221;transparent&#8221; up=&#8221;17&#8243; down=&#8221;0&#8243;][vc_column_text]Nos climatiseurs de qualit\u00e9 sup\u00e9rieure garantissent une circulation d&#8217;air optimale et un confort optimal, m\u00eame pendant les journ\u00e9es les plus chaudes de l&#8217;\u00e9t\u00e9.[\/vc_column_text][vc_separator type=&#8221;transparent&#8221; up=&#8221;30&#8243; down=&#8221;0&#8243;]<a  itemprop=\"url\" href=\"https:\/\/legerenergie.ca\/en\/air-conditioning\/\" target=\"_self\" data-hover-background-color='#354256' data-hover-color='#ffffff' class=\"qbutton  medium center default\" style=\"color: #ffffff; font-style: normal; background-color: #ff0000;\">Our products<\/a>[vc_separator type=&#8221;transparent&#8221; up=&#8221;30&#8243; down=&#8221;0&#8243;][\/vc_column][vc_column width=&#8221;1\/4&#8243;][vc_single_image image=&#8221;15714&#8243; img_size=&#8221;full&#8221; alignment=&#8221;center&#8221; qode_css_animation=&#8221;element_from_fade&#8221; transition_delay=&#8221;0.3&#8243;][vc_separator type=&#8221;transparent&#8221; up=&#8221;39&#8243; down=&#8221;0&#8243;][vc_column_text]<\/p>\n<h3>Heating<\/h3>\n<p>[\/vc_column_text][vc_separator type=&#8221;transparent&#8221; up=&#8221;17&#8243; down=&#8221;0&#8243;][vc_column_text]<\/p>\n<div class=\"flex flex-grow flex-col max-w-full\">\n<div class=\"min-h-[20px] text-message flex flex-col items-start gap-3 whitespace-pre-wrap break-words [.text-message+&amp;]:mt-5 overflow-x-auto\" data-message-author-role=\"assistant\" data-message-id=\"c2faa987-e395-4786-a25e-34f7b53b9c8d\">\n<div class=\"markdown prose w-full break-words dark:prose-invert dark\">\n<p>Nos syst\u00e8mes de chauffage innovants, \u00e9co\u00e9nerg\u00e9tiques et \u00e0 la pointe de la technologie vous offrent un confort optimal pour surmonter les hivers rigoureux du Qu\u00e9bec.<\/p>\n<\/div>\n<\/div>\n<\/div>\n<p>[\/vc_column_text][vc_separator type=&#8221;transparent&#8221; up=&#8221;30&#8243; down=&#8221;0&#8243;]<a  itemprop=\"url\" href=\"https:\/\/legerenergie.ca\/chauffage\/\" target=\"_self\" data-hover-background-color='#354256' data-hover-color='#ffffff' class=\"qbutton  medium center default\" style=\"color: #ffffff; font-style: normal; background-color: #ff0000;\">Our products<\/a>[vc_separator type=&#8221;transparent&#8221; up=&#8221;30&#8243; down=&#8221;0&#8243;][\/vc_column][vc_column width=&#8221;1\/4&#8243;][vc_single_image image=&#8221;15715&#8243; img_size=&#8221;full&#8221; alignment=&#8221;center&#8221; qode_css_animation=&#8221;element_from_fade&#8221; transition_delay=&#8221;0.5&#8243;][vc_separator type=&#8221;transparent&#8221; up=&#8221;39&#8243; down=&#8221;0&#8243;][vc_column_text]<\/p>\n<h3>Duct cleaning<\/h3>\n<p>[\/vc_column_text][vc_separator type=&#8221;transparent&#8221; up=&#8221;17&#8243; down=&#8221;0&#8243;][vc_column_text]<\/p>\n<div class=\"flex flex-grow flex-col max-w-full\">\n<div class=\"min-h-[20px] text-message flex flex-col items-start gap-3 whitespace-pre-wrap break-words [.text-message+&amp;]:mt-5 overflow-x-auto\" data-message-author-role=\"assistant\" data-message-id=\"93cd9a09-1184-4f70-8668-78440a356fc5\">\n<div class=\"markdown prose w-full break-words dark:prose-invert dark\">\n<p>Soucieux du bien-\u00eatre de votre famille, notre service de nettoyage de conduits \u00e9limine les contaminants et am\u00e9liore la qualit\u00e9 de l&#8217;air int\u00e9rieur pour un environnement plus sain.<\/p>\n<\/div>\n<\/div>\n<\/div>\n<p>[\/vc_column_text][vc_separator type=&#8221;transparent&#8221; up=&#8221;30&#8243; down=&#8221;0&#8243;]<a  itemprop=\"url\" href=\"https:\/\/legerenergie.ca\/nettoyage\/\" target=\"_self\" data-hover-background-color='#354256' data-hover-border-color='#ff0000' data-hover-color='#ffffff' class=\"qbutton  medium center default\" style=\"color: #ffffff; font-style: normal; background-color: #ff0000;\">Our service<\/a>[vc_separator type=&#8221;transparent&#8221; up=&#8221;30&#8243; down=&#8221;0&#8243;][\/vc_column][vc_column width=&#8221;1\/4&#8243;][vc_single_image image=&#8221;15713&#8243; img_size=&#8221;full&#8221; alignment=&#8221;center&#8221; qode_css_animation=&#8221;element_from_fade&#8221; transition_delay=&#8221;0.5&#8243;][vc_separator type=&#8221;transparent&#8221; up=&#8221;39&#8243; down=&#8221;0&#8243;][vc_column_text]<\/p>\n<h3>Propane gas delivery<\/h3>\n<p>[\/vc_column_text][vc_separator type=&#8221;transparent&#8221; up=&#8221;17&#8243; down=&#8221;0&#8243;][vc_column_text]<\/p>\n<div class=\"flex flex-grow flex-col max-w-full\">\n<div class=\"min-h-[20px] text-message flex flex-col items-start gap-3 whitespace-pre-wrap break-words [.text-message+&amp;]:mt-5 overflow-x-auto\" data-message-author-role=\"assistant\" data-message-id=\"1bfe0491-880e-42e5-8f11-e4754e86053f\">\n<div class=\"markdown prose w-full break-words dark:prose-invert dark\">\n<p>Nous assurons la livraison de gaz propane pour alimenter votre syst\u00e8me de chauffage, votre cuisini\u00e8re, votre barbecue et votre chauffe-eau, vous garantissant ainsi un approvisionnement constant en \u00e9nergie.<\/p>\n<\/div>\n<\/div>\n<\/div>\n<p>[\/vc_column_text][vc_separator type=&#8221;transparent&#8221; up=&#8221;17&#8243; down=&#8221;0&#8243;][vc_empty_space height=&#8221;15px&#8221;]<a  itemprop=\"url\" href=\"https:\/\/legerenergie.ca\/gaz-propane-2\/\" target=\"_self\" data-hover-background-color='#354256' data-hover-color='#ffffff' class=\"qbutton  medium center default\" style=\"color: #ffffff; font-style: normal; background-color: #ff0000;\">Our service<\/a>[vc_separator type=&#8221;transparent&#8221; up=&#8221;30&#8243; down=&#8221;0&#8243;][\/vc_column][\/vc_row][vc_row css_animation=&#8221;&#8221; row_type=&#8221;row&#8221; use_row_as_full_screen_section=&#8221;no&#8221; type=&#8221;grid&#8221; angled_section=&#8221;no&#8221; text_align=&#8221;left&#8221; background_image_as_pattern=&#8221;without_pattern&#8221; background_color=&#8221;#f7f8f9&#8243; padding_top=&#8221;63&#8243; padding_bottom=&#8221;50&#8243; el_id=&#8221;advantages&#8221;][vc_column][vc_row_inner row_type=&#8221;row&#8221; type=&#8221;full_width&#8221; text_align=&#8221;left&#8221; css_animation=&#8221;&#8221;][vc_column_inner][vc_empty_space][vc_column_text]<\/p>\n<h2 style=\"text-align: center;\">Climatisation Salaberry-de-Valleyfield : Pourquoi choisir L\u00e9ger \u00c9nergie?<\/h2>\n<p>[\/vc_column_text][vc_separator type=&#8221;small&#8221; position=&#8221;center&#8221;][vc_column_text]<\/p>\n<h4 style=\"text-align: center;\">At your service since<\/h4>\n<p>[\/vc_column_text][\/vc_column_inner][\/vc_row_inner][vc_single_image image=&#8221;15764&#8243; img_size=&#8221;full&#8221; alignment=&#8221;center&#8221; qode_css_animation=&#8221;element_from_fade&#8221; transition_delay=&#8221;0.3&#8243; css=&#8221;.vc_custom_1464603028016{margin-bottom: 0px !important;}&#8221;][vc_empty_space][vc_row_inner row_type=&#8221;row&#8221; type=&#8221;grid&#8221; text_align=&#8221;left&#8221; css_animation=&#8221;&#8221; css=&#8221;.vc_custom_1465830862120{background-color: #dbdbdb !important;}&#8221;][vc_column_inner width=&#8221;1\/3&#8243;][vc_empty_space height=&#8221;20px&#8221;]<div class='q_list circle'><strong>Service de vente personnalis\u00e9<\/strong><br \/>\nAfin de vous guider vers le meilleur choix et d&#8217;optimiser votre investissement, nos sp\u00e9cialistes en chauffage et climatisation vous recommandent le mod\u00e8le le plus adapt\u00e9 \u00e0 vos exigences particuli\u00e8res. Que ce soit pour les dimensions de votre maison, l&#8217;espace disponible, l&#8217;utilisation pr\u00e9vue ou votre budget, nous sommes l\u00e0 pour vous conseiller.<\/div>[vc_empty_space height=&#8221;20px&#8221;][\/vc_column_inner][vc_column_inner width=&#8221;1\/3&#8243;][vc_empty_space height=&#8221;20px&#8221;]<div class='q_list circle'><strong>Vaste choix de produits<br \/>\n<\/strong>Nous proposons une large s\u00e9lection de syst\u00e8mes de qualit\u00e9 sup\u00e9rieure provenant des marques les plus r\u00e9put\u00e9es de l&#8217;industrie. Ces fabricants de renom offrent des garanties avantageuses que nous respectons afin d&#8217;assurer la protection et la satisfaction de notre client\u00e8le.<\/div>[vc_empty_space height=&#8221;20px&#8221;][\/vc_column_inner][vc_column_inner width=&#8221;1\/3&#8243;][vc_empty_space height=&#8221;20px&#8221;]<div class='q_list circle'><strong>Information compl\u00e8te et transparente<\/strong><br \/>\nSoucieux de fournir un service de qualit\u00e9, nos experts certifi\u00e9s vous conseillent sur l&#8217;installation, l&#8217;entretien et la garantie de votre nouvel \u00e9quipement de <a href=\"https:\/\/legerenergie.ca\/en\/air-conditioning\/\">climatisation<\/a> ou de <a href=\"https:\/\/legerenergie.ca\/en\/heating\/\">chauffage<\/a>.<\/div>[vc_empty_space height=&#8221;20px&#8221;][\/vc_column_inner][\/vc_row_inner][vc_empty_space][\/vc_column][\/vc_row][vc_row css_animation=&#8221;&#8221; row_type=&#8221;row&#8221; use_row_as_full_screen_section=&#8221;no&#8221; type=&#8221;grid&#8221; angled_section=&#8221;no&#8221; text_align=&#8221;center&#8221; background_image_as_pattern=&#8221;without_pattern&#8221; background_image=&#8221;15593&#8243; padding_top=&#8221;77&#8243; padding_bottom=&#8221;71&#8243; css=&#8221;.vc_custom_1465307392115{background-image: url(https:\/\/petrolelegerca.wpengine.com\/wp-content\/uploads\/2016\/06\/fond_gen.jpg?id=16339) !important;}&#8221;][vc_column][vc_column_text]<\/p>\n<h2 style=\"text-align: center;\">Air conditioning Salaberry-de-Valleyfield: Our complete range of services<\/h2>\n<p>[\/vc_column_text][vc_separator type=&#8221;small&#8221; position=&#8221;center&#8221;][vc_column_text]<\/p>\n<h4 style=\"text-align: center;\">Trust our experts<\/h4>\n<p>[\/vc_column_text][vc_empty_space height=&#8221;40px&#8221;][vc_row_inner row_type=&#8221;row&#8221; type=&#8221;full_width&#8221; text_align=&#8221;left&#8221; css_animation=&#8221;&#8221;][vc_column_inner width=&#8221;1\/3&#8243;][vc_single_image image=&#8221;15630&#8243; img_size=&#8221;full&#8221; alignment=&#8221;center&#8221; qode_css_animation=&#8221;element_from_fade&#8221; transition_delay=&#8221;0.2&#8243;][vc_separator type=&#8221;transparent&#8221; up=&#8221;39&#8243; down=&#8221;0&#8243;][vc_column_text]<\/p>\n<h3 style=\"text-align: center;\">Installation service<\/h3>\n<p>[\/vc_column_text][vc_separator type=&#8221;transparent&#8221; up=&#8221;17&#8243; down=&#8221;0&#8243;][vc_column_text]\u00c9tant donn\u00e9 que la qualit\u00e9 de l&#8217;installation peut impacter la long\u00e9vit\u00e9 et les performances de votre syst\u00e8me de climatisation ou de chauffage, il est crucial de faire appel \u00e0 des experts qualifi\u00e9s. Nos techniciens, membres de la <em>Corporation des ma\u00eetres m\u00e9caniciens en tuyauterie du Qu\u00e9bec<\/em> (CMMTQ), assurent une installation conforme aux normes et au respect de votre environnement.[\/vc_column_text][vc_separator type=&#8221;transparent&#8221; up=&#8221;30&#8243; down=&#8221;0&#8243;][\/vc_column_inner][vc_column_inner width=&#8221;1\/3&#8243;][vc_single_image image=&#8221;15632&#8243; img_size=&#8221;full&#8221; alignment=&#8221;center&#8221; qode_css_animation=&#8221;element_from_fade&#8221; transition_delay=&#8221;0.3&#8243;][vc_separator type=&#8221;transparent&#8221; up=&#8221;39&#8243; down=&#8221;0&#8243;][vc_column_text]<\/p>\n<h3 style=\"text-align: center;\">Maintenance service<\/h3>\n<p>[\/vc_column_text][vc_separator type=&#8221;transparent&#8221; up=&#8221;17&#8243; down=&#8221;0&#8243;][vc_column_text]Confiez le <a href=\"https:\/\/legerenergie.ca\/en\/duct-cleaning\/\">nettoyage<\/a> de votre syst\u00e8me de climatisation, de chauffage ou de ventilation \u00e0 un sp\u00e9cialiste certifi\u00e9 pour garantir son efficacit\u00e9 et pr\u00e9server la sant\u00e9 des occupants. Un entretien p\u00e9riodique permet de rep\u00e9rer les probl\u00e8mes potentiels et d&#8217;\u00e9viter une d\u00e9gradation pr\u00e9matur\u00e9e des performances.[\/vc_column_text][vc_separator type=&#8221;transparent&#8221; up=&#8221;30&#8243; down=&#8221;0&#8243;][\/vc_column_inner][vc_column_inner width=&#8221;1\/3&#8243;][vc_single_image image=&#8221;16738&#8243; img_size=&#8221;full&#8221; alignment=&#8221;center&#8221; qode_css_animation=&#8221;element_from_fade&#8221; transition_delay=&#8221;0.4&#8243;][vc_separator type=&#8221;transparent&#8221; up=&#8221;39&#8243; down=&#8221;0&#8243;][vc_column_text]<\/p>\n<h3 style=\"text-align: center;\">After sales service<\/h3>\n<p>[\/vc_column_text][vc_separator type=&#8221;transparent&#8221; up=&#8221;17&#8243; down=&#8221;0&#8243;][vc_column_text]<\/p>\n<div class=\"flex flex-grow flex-col max-w-full\">\n<div class=\"min-h-[20px] text-message flex flex-col items-start gap-3 whitespace-pre-wrap break-words [.text-message+&amp;]:mt-5 overflow-x-auto\" data-message-author-role=\"assistant\" data-message-id=\"8f8193f8-ae59-44fb-89a2-e592268e5642\">\n<div class=\"markdown prose w-full break-words dark:prose-invert dark\">\n<p>Nous comprenons l&#8217;importance de la confiance dans toute relation commerciale. Notre engagement envers un service personnalis\u00e9 persiste m\u00eame apr\u00e8s l&#8217;achat et l&#8217;installation de votre syst\u00e8me de climatisation ou de chauffage. Soyez assur\u00e9 que notre \u00e9quipe reste \u00e0 votre disposition en cas de probl\u00e8mes, fournissant le soutien n\u00e9cessaire.  <\/p>\n<\/div>\n<\/div>\n<\/div>\n<p>[\/vc_column_text][vc_separator type=&#8221;transparent&#8221; up=&#8221;30&#8243; down=&#8221;0&#8243;][\/vc_column_inner][\/vc_row_inner][vc_row_inner row_type=&#8221;row&#8221; type=&#8221;full_width&#8221; text_align=&#8221;left&#8221; css_animation=&#8221;&#8221;][vc_column_inner width=&#8221;1\/3&#8243;][vc_single_image image=&#8221;16512&#8243; img_size=&#8221;full&#8221; alignment=&#8221;center&#8221; qode_css_animation=&#8221;element_from_fade&#8221; transition_delay=&#8221;0.2&#8243;][vc_separator type=&#8221;transparent&#8221; up=&#8221;39&#8243; down=&#8221;0&#8243;][vc_column_text]<\/p>\n<h3 style=\"text-align: center;\">Repair service<\/h3>\n<p>[\/vc_column_text][vc_separator type=&#8221;transparent&#8221; up=&#8221;17&#8243; down=&#8221;0&#8243;][vc_column_text]<\/p>\n<div class=\"flex flex-grow flex-col max-w-full\">\n<div class=\"min-h-[20px] text-message flex flex-col items-start gap-3 whitespace-pre-wrap break-words [.text-message+&amp;]:mt-5 overflow-x-auto\" data-message-author-role=\"assistant\" data-message-id=\"31c01632-08d0-48f5-af1e-1dac8dc5b117\">\n<div class=\"markdown prose w-full break-words dark:prose-invert dark\">\n<p>Peu importe la marque ou le mod\u00e8le de votre syst\u00e8me de climatisation ou de chauffage, en cas de panne, un technicien agr\u00e9\u00e9 par la <a href=\"https:\/\/www.cmmtq.org\/\" rel=\"nofollow noopener\" target=\"_blank\">CMMTQ<\/a> se rend chez vous pour \u00e9valuer les dommages et les co\u00fbts de r\u00e9paration. Vous pouvez \u00e9galement faire appel \u00e0 nos services pour \u00e9valuer l&#8217;\u00e9tat de votre syst\u00e8me et confirmer son bon fonctionnement. <\/p>\n<\/div>\n<\/div>\n<\/div>\n<p>[\/vc_column_text][vc_separator type=&#8221;transparent&#8221; up=&#8221;30&#8243; down=&#8221;0&#8243;][\/vc_column_inner][vc_column_inner width=&#8221;1\/3&#8243;][vc_single_image image=&#8221;16511&#8243; img_size=&#8221;full&#8221; alignment=&#8221;center&#8221; qode_css_animation=&#8221;element_from_fade&#8221; transition_delay=&#8221;0.3&#8243;][vc_separator type=&#8221;transparent&#8221; up=&#8221;39&#8243; down=&#8221;0&#8243;][vc_column_text]<\/p>\n<h3 style=\"text-align: center;\">Payment flexibility<\/h3>\n<p>[\/vc_column_text][vc_separator type=&#8221;transparent&#8221; up=&#8221;17&#8243; down=&#8221;0&#8243;][vc_column_text]<\/p>\n<div class=\"flex flex-grow flex-col max-w-full\">\n<div class=\"min-h-[20px] text-message flex flex-col items-start gap-3 whitespace-pre-wrap break-words [.text-message+&amp;]:mt-5 overflow-x-auto\" data-message-author-role=\"assistant\" data-message-id=\"633144a6-e35b-4edf-9800-676b7045fe94\">\n<div class=\"markdown prose w-full break-words dark:prose-invert dark\">\n<p>\u00c9tant donn\u00e9 que l&#8217;acquisition d&#8217;un syst\u00e8me de climatisation ou de chauffage peut constituer un investissement cons\u00e9quent, nos experts sont l\u00e0 pour vous guider sur les diff\u00e9rentes options de financement disponibles. De plus, nous proposons un plan budg\u00e9taire sans int\u00e9r\u00eats sur 10 mois pour nos services de livraison d&#8217;huile de chauffage. <\/p>\n<\/div>\n<\/div>\n<\/div>\n<p>[\/vc_column_text][vc_separator type=&#8221;transparent&#8221; up=&#8221;30&#8243; down=&#8221;0&#8243;][\/vc_column_inner][vc_column_inner width=&#8221;1\/3&#8243;][vc_single_image image=&#8221;16336&#8243; img_size=&#8221;full&#8221; alignment=&#8221;center&#8221; qode_css_animation=&#8221;element_from_fade&#8221; transition_delay=&#8221;0.4&#8243;][vc_separator type=&#8221;transparent&#8221; up=&#8221;39&#8243; down=&#8221;0&#8243;][vc_column_text]<\/p>\n<h3 style=\"text-align: center;\">24 hour emergency service<\/h3>\n<p>[\/vc_column_text][vc_separator type=&#8221;transparent&#8221; up=&#8221;17&#8243; down=&#8221;0&#8243;][vc_column_text]<\/p>\n<div class=\"flex flex-grow flex-col max-w-full\">\n<div class=\"min-h-[20px] text-message flex flex-col items-start gap-3 whitespace-pre-wrap break-words [.text-message+&amp;]:mt-5 overflow-x-auto\" data-message-author-role=\"assistant\" data-message-id=\"4d1d8a67-3b01-4a32-b48a-5a37c0eff528\">\n<div class=\"markdown prose w-full break-words dark:prose-invert dark\">\n<p>Si votre syst\u00e8me de chauffage pr\u00e9sente une fuite ou tombe en panne lors d&#8217;une situation critique, contactez notre \u00e9quipe r\u00e9active pour une intervention rapide. Nous assurons une r\u00e9paration efficace, s\u00e9curis\u00e9e et minutieuse, limitant ainsi les dommages potentiels. <\/p>\n<\/div>\n<\/div>\n<\/div>\n<p>[\/vc_column_text][vc_separator type=&#8221;transparent&#8221; up=&#8221;30&#8243; down=&#8221;0&#8243;][\/vc_column_inner][\/vc_row_inner][\/vc_column][\/vc_row][vc_row css_animation=&#8221;&#8221; row_type=&#8221;row&#8221; use_row_as_full_screen_section=&#8221;no&#8221; type=&#8221;grid&#8221; angled_section=&#8221;no&#8221; text_align=&#8221;left&#8221; background_image_as_pattern=&#8221;without_pattern&#8221; background_color=&#8221;#f7f8f9&#8243;][vc_column][vc_empty_space height=&#8221;55&#8243;][vc_separator type=&#8221;transparent&#8221; el_class=&#8221;45&#8243;][vc_row_inner row_type=&#8221;row&#8221; type=&#8221;full_width&#8221; text_align=&#8221;left&#8221; css_animation=&#8221;&#8221;][vc_column_inner width=&#8221;1\/2&#8243;][vc_single_image image=&#8221;15661&#8243; img_size=&#8221;full&#8221; alignment=&#8221;center&#8221; qode_css_animation=&#8221;element_from_fade&#8221; transition_delay=&#8221;0.3&#8243; css=&#8221;.vc_custom_1463120792539{margin-bottom: 0px !important;}&#8221;][\/vc_column_inner][vc_column_inner width=&#8221;1\/2&#8243; css=&#8221;.vc_custom_1467645283741{padding-bottom: 50px !important;}&#8221;][vc_column_text]<\/p>\n<h3>Unrivaled protection<\/h3>\n<p>[\/vc_column_text][vc_empty_space height=&#8221;20px&#8221;]<div class='q_list circle'><\/p>\n<div class=\"flex flex-grow flex-col max-w-full\">\n<div class=\"min-h-[20px] text-message flex flex-col items-start gap-3 whitespace-pre-wrap break-words [.text-message+&amp;]:mt-5 overflow-x-auto\" data-message-author-role=\"assistant\" data-message-id=\"0ecda5b8-8e09-458e-8afc-3011e2bb5eac\">\n<div class=\"markdown prose w-full break-words dark:prose-invert dark\">\n<p>Dans notre engagement envers la qualit\u00e9, nous s\u00e9lectionnons des marques renomm\u00e9es avec les meilleures garanties. Un plan de protection vous couvre contre les r\u00e9parations inattendues et le <a href=\"https:\/\/legerenergie.ca\/en\/duct-cleaning\/\">nettoyage<\/a>. Notre service client\u00e8le exceptionnel garantit votre satisfaction et votre confiance. Avec P\u00e9trole L\u00e9ger, votre investissement est toujours une r\u00e9ussite!   <\/p>\n<\/div>\n<\/div>\n<\/div>\n<p><\/div>[\/vc_column_inner][\/vc_row_inner][\/vc_column][\/vc_row][vc_row css_animation=&#8221;&#8221; row_type=&#8221;row&#8221; use_row_as_full_screen_section=&#8221;no&#8221; type=&#8221;grid&#8221; angled_section=&#8221;no&#8221; text_align=&#8221;left&#8221; background_image_as_pattern=&#8221;without_pattern&#8221; css=&#8221;.vc_custom_1464716796466{background-image: url(https:\/\/petrolelegerca.wpengine.com\/wp-content\/uploads\/2016\/05\/fond_jaune.jpg?id=15943) !important;}&#8221;][vc_column][vc_empty_space height=&#8221;45&#8243;][vc_column_text]<\/p>\n<h2 style=\"text-align: center;\">Air conditioning Salaberry-de-Valleyfield: Our brands<\/h2>\n<p>[\/vc_column_text][vc_separator type=&#8221;small&#8221; position=&#8221;center&#8221;][vc_row_inner row_type=&#8221;row&#8221; type=&#8221;full_width&#8221; text_align=&#8221;left&#8221; css_animation=&#8221;&#8221;][vc_column_inner]<div class='qode_carousels_holder clearfix'><div class='qode_carousels' data-number-of-visible-items='5'><ul class='slides'>Sorry, no posts matched your criteria.<\/ul><\/div><\/div>[vc_empty_space height=&#8221;45&#8243;][\/vc_column_inner][\/vc_row_inner][\/vc_column][\/vc_row][vc_row css_animation=&#8221;&#8221; row_type=&#8221;row&#8221; use_row_as_full_screen_section=&#8221;no&#8221; type=&#8221;grid&#8221; angled_section=&#8221;no&#8221; text_align=&#8221;left&#8221; background_image_as_pattern=&#8221;without_pattern&#8221; background_color=&#8221;#dd3333&#8243; padding_top=&#8221;29&#8243; padding_bottom=&#8221;6&#8243; css=&#8221;.vc_custom_1467642206356{padding-top: 20px !important;padding-bottom: 20px !important;background-color: #ff0000 !important;}&#8221;][vc_column width=&#8221;3\/4&#8243;][vc_empty_space height=&#8221;14px&#8221;][vc_column_text]<\/p>\n<h3><strong><span style=\"color: #ffffff;\">For more information on our products, contact us!<br \/>\n<\/span><\/strong><\/h3>\n<p>[\/vc_column_text][\/vc_column][vc_column width=&#8221;1\/4&#8243;]<a itemprop=\"url\" href=\"https:\/\/legerenergie.ca\/contact-2\/\" target=\"_top\" data-hover-background-color=\"#ffffff\" data-hover-border-color=\"#ffffff\" data-hover-color=\"#ff0000\" class=\"qbutton  big_large center default\" style=\"color: #ff0000; border-color: #ffffff; font-style: italic; font-weight: 700; border-radius: 0px;-moz-border-radius: 0px;-webkit-border-radius: 0px; background-color: #ffffff;\">CONTACT US<\/a>[\/vc_column][\/vc_row]<\/p>\n<\/section>","protected":false},"excerpt":{"rendered":"<p>[vc_row css_animation=&#8221;&#8221; row_type=&#8221;row&#8221; use_row_as_full_screen_section=&#8221;no&#8221; type=&#8221;grid&#8221; angled_section=&#8221;no&#8221; text_align=&#8221;center&#8221; background_image_as_pattern=&#8221;without_pattern&#8221; padding_top=&#8221;84&#8243; padding_bottom=&#8221;30&#8243;][vc_column][vc_column_text] Air conditioning Salaberry-de-Valleyfield [\/vc_column_text][vc_column_text] Sales, installation and maintenance [\/vc_column_text][vc_separator type=&#8221;small&#8221; position=&#8221;center&#8221;][vc_column_text] To ensure the comfort of your home [\/vc_column_text][vc_empty_space height=&#8221;40px&#8221;][vc_column_text]Climatisation Salaberry-de-Valleyfield : Avec plus de sept d\u00e9cennies d&#8217;expertise dans la distribution de syst\u00e8mes de climatisation&#8230;<\/p>\n","protected":false},"author":4,"featured_media":19897,"parent":0,"menu_order":0,"comment_status":"open","ping_status":"closed","template":"full_width.php","meta":{"footnotes":""},"class_list":["post-20361","page","type-page","status-publish","has-post-thumbnail","hentry"],"_links":{"self":[{"href":"https:\/\/legerenergie.ca\/en\/wp-json\/wp\/v2\/pages\/20361","targetHints":{"allow":["GET"]}}],"collection":[{"href":"https:\/\/legerenergie.ca\/en\/wp-json\/wp\/v2\/pages"}],"about":[{"href":"https:\/\/legerenergie.ca\/en\/wp-json\/wp\/v2\/types\/page"}],"author":[{"embeddable":true,"href":"https:\/\/legerenergie.ca\/en\/wp-json\/wp\/v2\/users\/4"}],"replies":[{"embeddable":true,"href":"https:\/\/legerenergie.ca\/en\/wp-json\/wp\/v2\/comments?post=20361"}],"version-history":[{"count":0,"href":"https:\/\/legerenergie.ca\/en\/wp-json\/wp\/v2\/pages\/20361\/revisions"}],"wp:featuredmedia":[{"embeddable":true,"href":"https:\/\/legerenergie.ca\/en\/wp-json\/wp\/v2\/media\/19897"}],"wp:attachment":[{"href":"https:\/\/legerenergie.ca\/en\/wp-json\/wp\/v2\/media?parent=20361"}],"curies":[{"name":"wp","href":"https:\/\/api.w.org\/{rel}","templated":true}]}}