{"id":17138,"date":"2016-05-29T21:42:16","date_gmt":"2016-05-29T20:42:16","guid":{"rendered":"http:\/\/kdvglobal.com\/pl\/en\/services-residentiels\/"},"modified":"2024-02-13T14:37:29","modified_gmt":"2024-02-13T19:37:29","slug":"residential-services","status":"publish","type":"page","link":"https:\/\/legerenergie.ca\/en\/residential-services\/","title":{"rendered":"Residential air conditioning and heating"},"content":{"rendered":"<section class=\"wpb-content-wrapper\"><p>[vc_row css_animation=&#8221;&#8221; row_type=&#8221;row&#8221; use_row_as_full_screen_section=&#8221;no&#8221; type=&#8221;grid&#8221; angled_section=&#8221;no&#8221; text_align=&#8221;center&#8221; background_image_as_pattern=&#8221;without_pattern&#8221; padding_top=&#8221;84&#8243; padding_bottom=&#8221;30&#8243;][vc_column][vc_column_text]<\/p>\n<h2>Sales, installation and maintenance<\/h2>\n<p>[\/vc_column_text][vc_separator type=&#8221;small&#8221; position=&#8221;center&#8221;][vc_column_text]<\/p>\n<h4>To ensure comfort at home<\/h4>\n<p>[\/vc_column_text][vc_empty_space height=&#8221;40px&#8221;][vc_column_text]In business for more than 70 years selling air conditioning and heating systems, P\u00e9trole L\u00e9ger has earned a solid reputation with residential clients by delivering personalized service using only highly qualified and certified personnel. Complete customer satisfaction is our number one priority.[\/vc_column_text][vc_empty_space height=&#8221;40px&#8221;][\/vc_column][\/vc_row][vc_row css_animation=&#8221;&#8221; row_type=&#8221;row&#8221; use_row_as_full_screen_section=&#8221;no&#8221; type=&#8221;grid&#8221; angled_section=&#8221;no&#8221; text_align=&#8221;center&#8221; background_image_as_pattern=&#8221;without_pattern&#8221; padding_bottom=&#8221;56&#8243;][vc_column width=&#8221;1\/4&#8243;][vc_single_image image=&#8221;15716&#8243; img_size=&#8221;full&#8221; alignment=&#8221;center&#8221; qode_css_animation=&#8221;element_from_fade&#8221; transition_delay=&#8221;0.2&#8243;][vc_separator type=&#8221;transparent&#8221; up=&#8221;39&#8243; down=&#8221;0&#8243;][vc_column_text]<\/p>\n<h3 style=\"height: 50px;\">Air conditioning<\/h3>\n<p>[\/vc_column_text][vc_separator type=&#8221;transparent&#8221; up=&#8221;17&#8243; down=&#8221;0&#8243;][vc_column_text]Our high end air conditioning range of products delivers better air circulation and absolute comfort even during the hottest days of summer.[\/vc_column_text][vc_separator type=&#8221;transparent&#8221; up=&#8221;30&#8243; down=&#8221;0&#8243;]<a  itemprop=\"url\" href=\"https:\/\/legerenergie.ca\/en\/air-conditioning\/\" target=\"_self\" data-hover-background-color='#354256' data-hover-color='#ffffff' class=\"qbutton  medium center default\" style=\"color: #ffffff; font-style: normal; background-color: #ff0000;\">Our products<\/a>[vc_separator type=&#8221;transparent&#8221; up=&#8221;30&#8243; down=&#8221;0&#8243;][\/vc_column][vc_column width=&#8221;1\/4&#8243;][vc_single_image image=&#8221;15714&#8243; img_size=&#8221;full&#8221; alignment=&#8221;center&#8221; qode_css_animation=&#8221;element_from_fade&#8221; transition_delay=&#8221;0.3&#8243;][vc_separator type=&#8221;transparent&#8221; up=&#8221;39&#8243; down=&#8221;0&#8243;][vc_column_text]<\/p>\n<h3 style=\"height: 50px;\">Heating<\/h3>\n<p>[\/vc_column_text][vc_separator type=&#8221;transparent&#8221; up=&#8221;17&#8243; down=&#8221;0&#8243;][vc_column_text]Our modern, economical and cutting edge technology heating systems will enable you to face the harshest Quebec winters.[\/vc_column_text][vc_separator type=&#8221;transparent&#8221; up=&#8221;30&#8243; down=&#8221;0&#8243;][vc_empty_space height=&#8221;25px&#8221;]<a  itemprop=\"url\" href=\"https:\/\/legerenergie.ca\/en\/heating\/\" target=\"_self\" data-hover-background-color='#354256' data-hover-color='#ffffff' class=\"qbutton  medium center default\" style=\"color: #ffffff; font-style: normal; background-color: #ff0000;\">Our products<\/a>[vc_separator type=&#8221;transparent&#8221; up=&#8221;30&#8243; down=&#8221;0&#8243;][\/vc_column][vc_column width=&#8221;1\/4&#8243;][vc_single_image image=&#8221;15715&#8243; img_size=&#8221;full&#8221; alignment=&#8221;center&#8221; qode_css_animation=&#8221;element_from_fade&#8221; transition_delay=&#8221;0.5&#8243;][vc_separator type=&#8221;transparent&#8221; up=&#8221;39&#8243; down=&#8221;0&#8243;][vc_column_text]<\/p>\n<h3 style=\"height: 50px;\">Duct cleaning<\/h3>\n<p>[\/vc_column_text][vc_separator type=&#8221;transparent&#8221; up=&#8221;17&#8243; down=&#8221;0&#8243;][vc_column_text]Given the health of your family is of great concern, our duct cleaning service eliminates harmful particles and purifies ambient air.[\/vc_column_text][vc_separator type=&#8221;transparent&#8221; up=&#8221;30&#8243; down=&#8221;0&#8243;][vc_empty_space height=&#8221;25px&#8221;]<a  itemprop=\"url\" href=\"https:\/\/legerenergie.ca\/en\/duct-cleaning\/\" target=\"_self\" data-hover-background-color='#354256' data-hover-border-color='#ff0000' data-hover-color='#ffffff' class=\"qbutton  medium center default\" style=\"color: #ffffff; font-style: normal; background-color: #ff0000;\">Our service<\/a>[vc_separator type=&#8221;transparent&#8221; up=&#8221;30&#8243; down=&#8221;0&#8243;][\/vc_column][vc_column width=&#8221;1\/4&#8243;][vc_single_image image=&#8221;15713&#8243; img_size=&#8221;full&#8221; alignment=&#8221;center&#8221; qode_css_animation=&#8221;element_from_fade&#8221; transition_delay=&#8221;0.5&#8243;][vc_separator type=&#8221;transparent&#8221; up=&#8221;39&#8243; down=&#8221;0&#8243;][vc_column_text]<\/p>\n<h3 style=\"height: 50px;\">Propane gas delivery<\/h3>\n<p>[\/vc_column_text][vc_separator type=&#8221;transparent&#8221; up=&#8221;17&#8243; down=&#8221;0&#8243;][vc_column_text]Our\u00a0propane gas delivery service is\u00a0available to supply your heating system, stove or BBQ and hot water heating system.[\/vc_column_text][vc_separator type=&#8221;transparent&#8221; up=&#8221;30&#8243; down=&#8221;0&#8243;][vc_empty_space height=&#8221;25px&#8221;]<a  itemprop=\"url\" href=\"https:\/\/legerenergie.ca\/en\/propane-gas\/\" target=\"_self\" data-hover-background-color='#354256' data-hover-color='#ffffff' class=\"qbutton  medium center default\" style=\"color: #ffffff; font-style: normal; background-color: #ff0000;\">Our service<\/a>[vc_separator type=&#8221;transparent&#8221; up=&#8221;30&#8243; down=&#8221;0&#8243;][\/vc_column][\/vc_row][vc_row css_animation=&#8221;&#8221; row_type=&#8221;row&#8221; use_row_as_full_screen_section=&#8221;no&#8221; type=&#8221;grid&#8221; angled_section=&#8221;no&#8221; text_align=&#8221;left&#8221; background_image_as_pattern=&#8221;without_pattern&#8221; background_color=&#8221;#f7f8f9&#8243; padding_top=&#8221;63&#8243; padding_bottom=&#8221;50&#8243; el_id=&#8221;advantages&#8221;][vc_column][vc_row_inner row_type=&#8221;row&#8221; type=&#8221;full_width&#8221; text_align=&#8221;left&#8221; css_animation=&#8221;&#8221;][vc_column_inner][vc_empty_space][vc_column_text]<\/p>\n<h2 style=\"text-align: center;\">Why choose P\u00e9trole L\u00e9ger<\/h2>\n<p>[\/vc_column_text][vc_separator type=&#8221;small&#8221; position=&#8221;center&#8221;][vc_column_text]<\/p>\n<h4 style=\"text-align: center;\">At your service since<\/h4>\n<p>[\/vc_column_text][\/vc_column_inner][\/vc_row_inner][vc_single_image image=&#8221;15763&#8243; img_size=&#8221;full&#8221; alignment=&#8221;center&#8221; qode_css_animation=&#8221;element_from_fade&#8221; transition_delay=&#8221;0.3&#8243; css=&#8221;.vc_custom_1469733033788{margin-bottom: 0px !important;}&#8221;][vc_empty_space][vc_row_inner row_type=&#8221;row&#8221; type=&#8221;grid&#8221; text_align=&#8221;left&#8221; css_animation=&#8221;&#8221; css=&#8221;.vc_custom_1465830862120{background-color: #dbdbdb !important;}&#8221;][vc_column_inner width=&#8221;1\/3&#8243;][vc_empty_space height=&#8221;20px&#8221;]<div class='q_list circle'><strong>Personalized sales service<\/strong><br \/>\nTo ensure you make an enlightened decision and a profitable investment, our air conditioning and heating experts will guide you to the most appropriate model based on your specific needs (house size and room to air condition\/heat, installation space, frequency of use and budget).<\/div>[vc_empty_space height=&#8221;20px&#8221;][\/vc_column_inner][vc_column_inner width=&#8221;1\/3&#8243;][vc_empty_space height=&#8221;20px&#8221;]<div class='q_list circle'><strong>Vast choice of products<\/strong><br \/>\nWe offer a vast choice of high end models from the best brands of the industry. These renowned manufacturers offer advantageous warranties which we honor to ensure your protection and satisfaction.<\/div>[vc_empty_space height=&#8221;20px&#8221;][\/vc_column_inner][vc_column_inner width=&#8221;1\/3&#8243;][vc_empty_space height=&#8221;20px&#8221;]<div class='q_list circle'><strong>Complete and transparent information<\/strong><br \/>\nQuality service being our main focus, our certified professionals inform you on installation, maintenance and the warrantee of your new air conditioner or heating system.<\/div>[vc_empty_space height=&#8221;20px&#8221;][\/vc_column_inner][\/vc_row_inner][vc_empty_space][\/vc_column][\/vc_row][vc_row css_animation=&#8221;&#8221; row_type=&#8221;row&#8221; use_row_as_full_screen_section=&#8221;no&#8221; type=&#8221;grid&#8221; angled_section=&#8221;no&#8221; text_align=&#8221;center&#8221; background_image_as_pattern=&#8221;without_pattern&#8221; background_image=&#8221;15593&#8243; padding_top=&#8221;77&#8243; padding_bottom=&#8221;71&#8243; css=&#8221;.vc_custom_1465307392115{background-image: url(https:\/\/petrolelegerca.wpengine.com\/wp-content\/uploads\/2016\/06\/fond_gen.jpg?id=16339) !important;}&#8221;][vc_column][vc_column_text]<\/p>\n<h2 style=\"text-align: center;\">Our complete line of services<\/h2>\n<p>[\/vc_column_text][vc_separator type=&#8221;small&#8221; position=&#8221;center&#8221;][vc_column_text]<\/p>\n<h4 style=\"text-align: center;\">Trust our experts<\/h4>\n<p>[\/vc_column_text][vc_empty_space height=&#8221;40px&#8221;][vc_row_inner row_type=&#8221;row&#8221; type=&#8221;full_width&#8221; text_align=&#8221;left&#8221; css_animation=&#8221;&#8221;][vc_column_inner width=&#8221;1\/3&#8243;][vc_single_image image=&#8221;15630&#8243; img_size=&#8221;full&#8221; alignment=&#8221;center&#8221; qode_css_animation=&#8221;element_from_fade&#8221; transition_delay=&#8221;0.2&#8243;][vc_separator type=&#8221;transparent&#8221; up=&#8221;39&#8243; down=&#8221;0&#8243;][vc_column_text]<\/p>\n<h3 style=\"text-align: center;\">Installation service<\/h3>\n<p>[\/vc_column_text][vc_separator type=&#8221;transparent&#8221; up=&#8221;17&#8243; down=&#8221;0&#8243;][vc_column_text]The quality of installation often affects the service life and performance of your air conditioning or heating unit which is why we employ only certified installers. Our technicians, members of the <em>Corporation des ma\u00eetres m\u00e9caniciens en tuyauterie du Qu\u00e9bec (CMMTQ)<\/em>, will install while respecting the work space and industry norms.[\/vc_column_text][vc_separator type=&#8221;transparent&#8221; up=&#8221;30&#8243; down=&#8221;0&#8243;][\/vc_column_inner][vc_column_inner width=&#8221;1\/3&#8243;][vc_single_image image=&#8221;15632&#8243; img_size=&#8221;full&#8221; alignment=&#8221;center&#8221; qode_css_animation=&#8221;element_from_fade&#8221; transition_delay=&#8221;0.3&#8243;][vc_separator type=&#8221;transparent&#8221; up=&#8221;39&#8243; down=&#8221;0&#8243;][vc_column_text]<\/p>\n<h3 style=\"text-align: center;\">Maintenance service<\/h3>\n<p>[\/vc_column_text][vc_separator type=&#8221;transparent&#8221; up=&#8221;17&#8243; down=&#8221;0&#8243;][vc_column_text]When performed by a qualified professional, the maintenance and <a href=\"https:\/\/legerenergie.ca\/en\/duct-cleaning\/\">cleaning<\/a> of your air conditioning, heating or ventilation system ensures both proper operation and eliminates health risks for your users. Regular maintenance helps detect anomalies which could lead to a premature loss of efficiency.[\/vc_column_text][vc_separator type=&#8221;transparent&#8221; up=&#8221;30&#8243; down=&#8221;0&#8243;][\/vc_column_inner][vc_column_inner width=&#8221;1\/3&#8243;][vc_single_image image=&#8221;16738&#8243; img_size=&#8221;full&#8221; alignment=&#8221;center&#8221; qode_css_animation=&#8221;element_from_fade&#8221; transition_delay=&#8221;0.4&#8243;][vc_separator type=&#8221;transparent&#8221; up=&#8221;39&#8243; down=&#8221;0&#8243;][vc_column_text]<\/p>\n<h3 style=\"text-align: center;\">After sales service<\/h3>\n<p>[\/vc_column_text][vc_separator type=&#8221;transparent&#8221; up=&#8221;17&#8243; down=&#8221;0&#8243;][vc_column_text]We understand that confidence is the key element to a successful business relationship hence we offer a personalized and unequalled level of service after the installation of your air conditioning or heating system. You can be ensured that no matter what the problem, we will do what is necessary to fulfill your needs.[\/vc_column_text][vc_separator type=&#8221;transparent&#8221; up=&#8221;30&#8243; down=&#8221;0&#8243;][\/vc_column_inner][\/vc_row_inner][vc_row_inner row_type=&#8221;row&#8221; type=&#8221;full_width&#8221; text_align=&#8221;left&#8221; css_animation=&#8221;&#8221;][vc_column_inner width=&#8221;1\/3&#8243;][vc_single_image image=&#8221;16512&#8243; img_size=&#8221;full&#8221; alignment=&#8221;center&#8221; qode_css_animation=&#8221;element_from_fade&#8221; transition_delay=&#8221;0.2&#8243;][vc_separator type=&#8221;transparent&#8221; up=&#8221;39&#8243; down=&#8221;0&#8243;][vc_column_text]<\/p>\n<h3 style=\"text-align: center;\">Repair service<\/h3>\n<p>[\/vc_column_text][vc_separator type=&#8221;transparent&#8221; up=&#8221;17&#8243; down=&#8221;0&#8243;][vc_column_text]No matter which brand or model of air conditioning or heating unit, in case of breakage, a certified CMMTQ technician will go to your home to evaluate damages and repair costs. Our service is also available for a system performance evaluation and to validate the proper operation.[\/vc_column_text][vc_separator type=&#8221;transparent&#8221; up=&#8221;30&#8243; down=&#8221;0&#8243;][\/vc_column_inner][vc_column_inner width=&#8221;1\/3&#8243;][vc_single_image image=&#8221;16511&#8243; img_size=&#8221;full&#8221; alignment=&#8221;center&#8221; qode_css_animation=&#8221;element_from_fade&#8221; transition_delay=&#8221;0.3&#8243;][vc_separator type=&#8221;transparent&#8221; up=&#8221;39&#8243; down=&#8221;0&#8243;][vc_column_text]<\/p>\n<h3 style=\"text-align: center;\">Payment flexibility<\/h3>\n<p>[\/vc_column_text][vc_separator type=&#8221;transparent&#8221; up=&#8221;17&#8243; down=&#8221;0&#8243;][vc_column_text]We understand that the purchase of an air conditioning or heating system represents a significant expense; our representatives will be pleased to present financing options available. Our budgetary plan over 10 months without interest is also offered for our home heating oil delivery.[\/vc_column_text][vc_separator type=&#8221;transparent&#8221; up=&#8221;30&#8243; down=&#8221;0&#8243;][\/vc_column_inner][vc_column_inner width=&#8221;1\/3&#8243;][vc_single_image image=&#8221;16336&#8243; img_size=&#8221;full&#8221; alignment=&#8221;center&#8221; qode_css_animation=&#8221;element_from_fade&#8221; transition_delay=&#8221;0.4&#8243;][vc_separator type=&#8221;transparent&#8221; up=&#8221;39&#8243; down=&#8221;0&#8243;][vc_column_text]<\/p>\n<h3 style=\"text-align: center;\">24 hour emergency service<\/h3>\n<p>[\/vc_column_text][vc_separator type=&#8221;transparent&#8221; up=&#8221;17&#8243; down=&#8221;0&#8243;][vc_column_text]If you have a fuel leak or breakdown of the heating unit at a critical moment, you can contact our team who will respond rapidly to help solve your problem.\u00a0Repairs are perfomed efficiently, safely and with care for your property to limit damages.[\/vc_column_text][vc_separator type=&#8221;transparent&#8221; up=&#8221;30&#8243; down=&#8221;0&#8243;][\/vc_column_inner][\/vc_row_inner][\/vc_column][\/vc_row][vc_row css_animation=&#8221;&#8221; row_type=&#8221;row&#8221; use_row_as_full_screen_section=&#8221;no&#8221; type=&#8221;grid&#8221; angled_section=&#8221;no&#8221; text_align=&#8221;left&#8221; background_image_as_pattern=&#8221;without_pattern&#8221; background_color=&#8221;#f7f8f9&#8243;][vc_column][vc_empty_space height=&#8221;55&#8243;][vc_separator type=&#8221;transparent&#8221; el_class=&#8221;45&#8243;][vc_row_inner row_type=&#8221;row&#8221; type=&#8221;full_width&#8221; text_align=&#8221;left&#8221; css_animation=&#8221;&#8221;][vc_column_inner width=&#8221;1\/2&#8243;][vc_single_image image=&#8221;17205&#8243; img_size=&#8221;full&#8221; alignment=&#8221;center&#8221; qode_css_animation=&#8221;element_from_fade&#8221; transition_delay=&#8221;0.3&#8243; css=&#8221;.vc_custom_1469733476691{margin-bottom: 0px !important;}&#8221;][\/vc_column_inner][vc_column_inner width=&#8221;1\/2&#8243; css=&#8221;.vc_custom_1467645283741{padding-bottom: 50px !important;}&#8221;][vc_column_text]<\/p>\n<h3>Best warranty in the industry<\/h3>\n<p>[\/vc_column_text][vc_empty_space height=&#8221;20px&#8221;]<div class='q_list circle'>We care to offer only worry-free high quality products therefor we carry only reputed brands that offer the best warranties in the business. To protect you from expenses due to unexpected breakage, we offer protection plans that cover the majority of repairs and cleaning of your unit. We are committed to offering unparalleled customer service to ensure your complete satisfaction and to maintain your loyalty. By choosing P\u00e9trole L\u00e9ger, you will always enjoy your investment.<\/div>[\/vc_column_inner][\/vc_row_inner][\/vc_column][\/vc_row][vc_row css_animation=&#8221;&#8221; row_type=&#8221;row&#8221; use_row_as_full_screen_section=&#8221;no&#8221; type=&#8221;grid&#8221; angled_section=&#8221;no&#8221; text_align=&#8221;left&#8221; background_image_as_pattern=&#8221;without_pattern&#8221; css=&#8221;.vc_custom_1464716796466{background-image: url(https:\/\/petrolelegerca.wpengine.com\/wp-content\/uploads\/2016\/05\/fond_jaune.jpg?id=15943) !important;}&#8221;][vc_column][vc_empty_space height=&#8221;45&#8243;][vc_column_text]<\/p>\n<h2 style=\"text-align: center;\">Our brands<\/h2>\n<p>[\/vc_column_text][vc_separator type=&#8221;small&#8221; position=&#8221;center&#8221;][vc_row_inner row_type=&#8221;row&#8221; type=&#8221;full_width&#8221; text_align=&#8221;left&#8221; css_animation=&#8221;&#8221;][vc_column_inner]<div class='qode_carousels_holder clearfix'><div class='qode_carousels' data-number-of-visible-items='5'><ul class='slides'><li class='item'><div class=\"carousel_item_holder\"><a itemprop=\"url\" href=\"http:\/\/www.napoleonheatingandcooling.com\/\" target=\"_blank\" rel=\"nofollow noopener\"><span class='first_image_holder has_hover_image'><img decoding=\"async\" itemprop=\"image\" src=\"https:\/\/petrolelegerca.wpengine.com\/wp-content\/uploads\/2016\/05\/NapoleonFireplaceLogo-1.png\" alt=\"carousel image\" title=\"\"><\/span><span class='second_image_holder has_hover_image'><img decoding=\"async\" itemprop=\"image\" src=\"https:\/\/petrolelegerca.wpengine.com\/wp-content\/uploads\/2016\/05\/NapoleonFireplaceLogo-1.png\" alt=\"carousel image\" title=\"\"><\/span><\/a><\/div><\/li><li class='item'><div class=\"carousel_item_holder\"><a itemprop=\"url\" href=\"http:\/\/www.amana-hac.com\/\" target=\"_blank\" rel=\"nofollow noopener\"><span class='first_image_holder has_hover_image'><img decoding=\"async\" itemprop=\"image\" src=\"https:\/\/petrolelegerca.wpengine.com\/wp-content\/uploads\/2016\/05\/Amana_logo-1.png\" alt=\"carousel image\" title=\"\"><\/span><span class='second_image_holder has_hover_image'><img decoding=\"async\" itemprop=\"image\" src=\"https:\/\/petrolelegerca.wpengine.com\/wp-content\/uploads\/2016\/05\/Amana_logo-1.png\" alt=\"carousel image\" title=\"\"><\/span><\/a><\/div><\/li><li class='item'><div class=\"carousel_item_holder\"><a itemprop=\"url\" href=\"http:\/\/www.granbyindustries.com\/fr\/produits\/categorie\/fournaises-a-air-pulse\/3\" target=\"_self\" rel=\"nofollow noopener\"><span class='first_image_holder has_hover_image'><img decoding=\"async\" itemprop=\"image\" src=\"https:\/\/petrolelegerca.wpengine.com\/wp-content\/uploads\/2016\/06\/conforto_logo.png\" alt=\"carousel image\" title=\"\"><\/span><span class='second_image_holder has_hover_image'><img decoding=\"async\" itemprop=\"image\" src=\"https:\/\/petrolelegerca.wpengine.com\/wp-content\/uploads\/2016\/06\/conforto_logo.png\" alt=\"carousel image\" title=\"\"><\/span><\/a><\/div><\/li><li class='item'><div class=\"carousel_item_holder\"><a itemprop=\"url\" href=\"http:\/\/www.granbyindustries.com\/fr\" target=\"_self\" rel=\"nofollow noopener\"><span class='first_image_holder has_hover_image'><img decoding=\"async\" itemprop=\"image\" src=\"https:\/\/petrolelegerca.wpengine.com\/wp-content\/uploads\/2016\/05\/granby_logo.png\" alt=\"carousel image\" title=\"\"><\/span><span class='second_image_holder has_hover_image'><img decoding=\"async\" itemprop=\"image\" src=\"https:\/\/petrolelegerca.wpengine.com\/wp-content\/uploads\/2016\/05\/granby_logo.png\" alt=\"carousel image\" title=\"\"><\/span><\/a><\/div><\/li><li class='item'><div class=\"carousel_item_holder\"><a itemprop=\"url\" href=\"http:\/\/www.riello.ca\/\" target=\"_self\" rel=\"nofollow noopener\"><span class='first_image_holder has_hover_image'><img decoding=\"async\" itemprop=\"image\" src=\"https:\/\/petrolelegerca.wpengine.com\/wp-content\/uploads\/2016\/05\/riello_logo.png\" alt=\"carousel image\" title=\"\"><\/span><span class='second_image_holder has_hover_image'><img decoding=\"async\" itemprop=\"image\" src=\"https:\/\/petrolelegerca.wpengine.com\/wp-content\/uploads\/2016\/05\/riello_logo.png\" alt=\"carousel image\" title=\"\"><\/span><\/a><\/div><\/li><li class='item'><div class=\"carousel_item_holder\"><a itemprop=\"url\" href=\"http:\/\/www.epurair.com\/fr\/produits\/\" target=\"_self\" rel=\"nofollow noopener\"><span class='first_image_holder has_hover_image'><img decoding=\"async\" itemprop=\"image\" src=\"https:\/\/petrolelegerca.wpengine.com\/wp-content\/uploads\/2016\/05\/epurair.png\" alt=\"carousel image\" title=\"\"><\/span><span class='second_image_holder has_hover_image'><img decoding=\"async\" itemprop=\"image\" src=\"https:\/\/petrolelegerca.wpengine.com\/wp-content\/uploads\/2016\/05\/epurair.png\" alt=\"carousel image\" title=\"\"><\/span><\/a><\/div><\/li><li class='item'><div class=\"carousel_item_holder\"><a itemprop=\"url\" href=\"http:\/\/www.dettson.com\/fr\/produits\/ame\/\" target=\"_self\" rel=\"nofollow noopener\"><span class='first_image_holder has_hover_image'><img decoding=\"async\" itemprop=\"image\" src=\"https:\/\/petrolelegerca.wpengine.com\/wp-content\/uploads\/2016\/05\/dettson_logo.png\" alt=\"carousel image\" title=\"\"><\/span><span class='second_image_holder has_hover_image'><img decoding=\"async\" itemprop=\"image\" src=\"https:\/\/petrolelegerca.wpengine.com\/wp-content\/uploads\/2016\/05\/dettson_logo.png\" alt=\"carousel image\" title=\"\"><\/span><\/a><\/div><\/li><li class='item'><div class=\"carousel_item_holder\"><a itemprop=\"url\" href=\"http:\/\/www.stelpro.com\/fr-CA\" target=\"_self\" rel=\"nofollow noopener\"><span class='first_image_holder has_hover_image'><img decoding=\"async\" itemprop=\"image\" src=\"https:\/\/petrolelegerca.wpengine.com\/wp-content\/uploads\/2016\/06\/stelpro_logo.png\" alt=\"carousel image\" title=\"\"><\/span><span class='second_image_holder has_hover_image'><img decoding=\"async\" itemprop=\"image\" src=\"https:\/\/petrolelegerca.wpengine.com\/wp-content\/uploads\/2016\/06\/stelpro_logo.png\" alt=\"carousel image\" title=\"\"><\/span><\/a><\/div><\/li><\/ul><\/div><\/div>[vc_empty_space height=&#8221;45&#8243;][\/vc_column_inner][\/vc_row_inner][\/vc_column][\/vc_row][vc_row css_animation=&#8221;&#8221; row_type=&#8221;row&#8221; use_row_as_full_screen_section=&#8221;no&#8221; type=&#8221;grid&#8221; angled_section=&#8221;no&#8221; text_align=&#8221;left&#8221; background_image_as_pattern=&#8221;without_pattern&#8221; background_color=&#8221;#dd3333&#8243; padding_top=&#8221;29&#8243; padding_bottom=&#8221;6&#8243; css=&#8221;.vc_custom_1467642206356{padding-top: 20px !important;padding-bottom: 20px !important;background-color: #ff0000 !important;}&#8221;][vc_column width=&#8221;3\/4&#8243;][vc_empty_space height=&#8221;14px&#8221;][vc_column_text]<\/p>\n<h3><strong><span style=\"color: #ffffff;\">Contact us for more information on our products.<br \/>\n<\/span><\/strong><\/h3>\n<p>[\/vc_column_text][\/vc_column][vc_column width=&#8221;1\/4&#8243;]<a itemprop=\"url\" href=\"https:\/\/petrolelegerca.wpengine.com\/en\/contact\" target=\"_top\" data-hover-background-color=\"#ffffff\" data-hover-border-color=\"#ffffff\" data-hover-color=\"#ff0000\" class=\"qbutton  big_large center default\" style=\"color: #ff0000; border-color: #ffffff; font-style: italic; font-weight: 700; border-radius: 0px;-moz-border-radius: 0px;-webkit-border-radius: 0px; background-color: #ffffff;\" rel=\"nofollow noopener\">CONTACT US<\/a>[\/vc_column][\/vc_row]<\/p>\n<\/section>","protected":false},"excerpt":{"rendered":"<p>[vc_row css_animation=&#8221;&#8221; row_type=&#8221;row&#8221; use_row_as_full_screen_section=&#8221;no&#8221; type=&#8221;grid&#8221; angled_section=&#8221;no&#8221; text_align=&#8221;center&#8221; background_image_as_pattern=&#8221;without_pattern&#8221; padding_top=&#8221;84&#8243; padding_bottom=&#8221;30&#8243;][vc_column][vc_column_text] Sales, installation and maintenance [\/vc_column_text][vc_separator type=&#8221;small&#8221; position=&#8221;center&#8221;][vc_column_text] To ensure comfort at home [\/vc_column_text][vc_empty_space height=&#8221;40px&#8221;][vc_column_text]In business for more than 70 years selling air conditioning and heating systems, P\u00e9trole L\u00e9ger has earned a solid reputation with residential&#8230;<\/p>\n","protected":false},"author":4,"featured_media":0,"parent":0,"menu_order":0,"comment_status":"open","ping_status":"closed","template":"full_width.php","meta":{"footnotes":""},"class_list":["post-17138","page","type-page","status-publish","hentry"],"_links":{"self":[{"href":"https:\/\/legerenergie.ca\/en\/wp-json\/wp\/v2\/pages\/17138","targetHints":{"allow":["GET"]}}],"collection":[{"href":"https:\/\/legerenergie.ca\/en\/wp-json\/wp\/v2\/pages"}],"about":[{"href":"https:\/\/legerenergie.ca\/en\/wp-json\/wp\/v2\/types\/page"}],"author":[{"embeddable":true,"href":"https:\/\/legerenergie.ca\/en\/wp-json\/wp\/v2\/users\/4"}],"replies":[{"embeddable":true,"href":"https:\/\/legerenergie.ca\/en\/wp-json\/wp\/v2\/comments?post=17138"}],"version-history":[{"count":0,"href":"https:\/\/legerenergie.ca\/en\/wp-json\/wp\/v2\/pages\/17138\/revisions"}],"wp:attachment":[{"href":"https:\/\/legerenergie.ca\/en\/wp-json\/wp\/v2\/media?parent=17138"}],"curies":[{"name":"wp","href":"https:\/\/api.w.org\/{rel}","templated":true}]}}